{"id":8,"date":"2008-07-15T20:26:48","date_gmt":"2008-07-15T18:26:48","guid":{"rendered":"http:\/\/www.leisoletremiti.it\/?page_id=8"},"modified":"2023-07-07T13:27:38","modified_gmt":"2023-07-07T11:27:38","slug":"campeggi-isole-tremiti","status":"publish","type":"page","link":"https:\/\/www.leisoletremiti.it\/index.php\/campeggi-isole-tremiti","title":{"rendered":"Campeggi alle Isole Tremiti"},"content":{"rendered":"\n<p>Il <strong>campeggio<\/strong> rappresenta da sempre una forma di soggiorno alternativa all\u2019albergo o alla casa-vacanza: permette un contatto diretto con la natura che la modernit\u00e0 va progressivamente perdendo ed \u00e8 la scelta preferita da quanti intendano la vacanza come un momento di interruzione completa della routine quotidiana, senza alcuna traccia dello stress che non di rado accompagna le persone anche durante le ferie.<\/p>\n\n\n\n<p>Sull\u2019Isola di <strong>San Domino<\/strong> ci sono due strutture attrezzate per il camping, quella del <strong>Campeggio Villaggio San Domino<\/strong> e quella del <strong>Camping Villaggio di Punta del Diamante<\/strong>.<\/p>\n\n\n\n<p>Entrambi si trovano in posizioni privilegiate, nei pressi delle cale e immersi nel verde. Bisogna considerare che, pur essendosi sviluppate di molto negli ultimi anni, le infrastrutture sull\u2019Isola non permettono spostamenti in auto strapiene, come si \u00e8 soliti vedere sulle autostrade durante i \u201cgrandi esodi\u201d estivi: <strong>l\u2019auto<\/strong>, infatti, come si \u00e8 avuto modo di ricordare gi\u00e0 in altre sezioni, <strong>non pu\u00f2 essere imbarcata sui traghetti<\/strong>, salvo in casi eccezionali, e quindi il <strong>bagaglio<\/strong> che ci si porter\u00e0 dietro andr\u00e0 preparato conseguentemente.<\/p>\n\n\n\n<figure class=\"wp-block-image size-full\"><a href=\"https:\/\/www.leisoletremiti.it\/wp-content\/uploads\/2023\/07\/zona-archeologica-san-domino-isole-tremiti.jpg\"><img loading=\"lazy\" decoding=\"async\" width=\"800\" height=\"600\" src=\"https:\/\/www.leisoletremiti.it\/wp-content\/uploads\/2023\/07\/zona-archeologica-san-domino-isole-tremiti.jpg\" alt=\"Zona archeologica di San Nicola nelle Isole Tremiti\" class=\"wp-image-554\" srcset=\"https:\/\/www.leisoletremiti.it\/wp-content\/uploads\/2023\/07\/zona-archeologica-san-domino-isole-tremiti.jpg 800w, https:\/\/www.leisoletremiti.it\/wp-content\/uploads\/2023\/07\/zona-archeologica-san-domino-isole-tremiti-300x225.jpg 300w, https:\/\/www.leisoletremiti.it\/wp-content\/uploads\/2023\/07\/zona-archeologica-san-domino-isole-tremiti-768x576.jpg 768w, https:\/\/www.leisoletremiti.it\/wp-content\/uploads\/2023\/07\/zona-archeologica-san-domino-isole-tremiti-624x468.jpg 624w\" sizes=\"auto, (max-width: 800px) 100vw, 800px\" \/><\/a><\/figure>\n\n\n\n<p>Chi pratica il <strong>camping<\/strong> spesso non ama trasferire le comodit\u00e0 di casa propria in tenda, ma per star bene ha bisogno in ogni caso di diverse cose, dalla tenda ai mobiletti, dagli arnesi da cucina agli altri effetti personali. E\u2019 per questa ragione che nei camping si possono trovare delle <strong>case<\/strong> <strong>prefabbricate<\/strong> delle dimensioni di una canadese o poco pi\u00f9, con wc e doccia in una struttura a parte. Si rinuncia certamente al rito del montaggio della tenda ma, a parte questo, si vive una perfetta <strong>atmosfera da campeggio<\/strong> in un luogo incantevole ed a <strong>prezzi<\/strong> decisamente <strong>ragionevoli<\/strong>: un\u2019unit\u00e0 prefabbricata pu\u00f2 costare al massimo, in alta stagione, 40 \u20ac (pasti esclusi). La <strong>sicurezza<\/strong> \u00e8 poi un\u2019altra carta vincente di queste strutture: ogni ospite potr\u00e0 depositare in cassette di sicurezza i propri oggetti di valore e godersi in tutta tranquillit\u00e0 la vacanza, partecipando alle molteplici attivit\u00e0 proposte, esplorando l\u2019isola da solo o in compagnia oppure ancora dedicandosi a lunghe nuotate, magari con maschera e tubo, lasciandosi incantare dalla bellezza dei fondali.<\/p>\n\n\n\n<p><strong>Elenco Campeggi e Camping<\/strong><\/p>\n\n\n\n<div><strong>Campeggio Punta Del Diamante<\/strong><br \/>Via Punta Diamante<br \/>71040 Isole Tremiti, Italy<\/div>\n\n\n\n<div><strong>Touring Vacanze Srl<\/strong><br \/>Via 4 Marzo, 1943<br \/>71040 Isole Tremiti Foggia, Italia<\/div>\n\n\n\n<div><strong>Villaggio Internazionale<\/strong><br \/>Via Punta Del Diamante, Isole Tremiti, FG 71040 Italia<\/div>\n\n\n\n<div><strong>Villaggio Cala Del Principe<\/strong><br \/>Via Torre Mileto<br \/>71012 San Nicandro Garganico, Foggia, Italy<\/div>\n\n\n\n<div><strong>Camping Villaggio Internazionale<\/strong><br \/>Via Valazzo, 3<br \/>71018 San Menaio Foggia, Italia<\/div>\n","protected":false},"excerpt":{"rendered":"<p>Il campeggio rappresenta da sempre una forma di soggiorno alternativa all\u2019albergo o alla casa-vacanza: permette un contatto diretto con la natura che la modernit\u00e0 va progressivamente perdendo ed \u00e8 la scelta preferita da quanti intendano la vacanza come un momento di interruzione completa della routine quotidiana, senza alcuna traccia dello stress che non di rado [&hellip;]<\/p>\n","protected":false},"author":2,"featured_media":0,"parent":0,"menu_order":3,"comment_status":"open","ping_status":"closed","template":"","meta":{"footnotes":""},"class_list":["post-8","page","type-page","status-publish","hentry"],"aioseo_notices":[],"_links":{"self":[{"href":"https:\/\/www.leisoletremiti.it\/index.php\/wp-json\/wp\/v2\/pages\/8","targetHints":{"allow":["GET"]}}],"collection":[{"href":"https:\/\/www.leisoletremiti.it\/index.php\/wp-json\/wp\/v2\/pages"}],"about":[{"href":"https:\/\/www.leisoletremiti.it\/index.php\/wp-json\/wp\/v2\/types\/page"}],"author":[{"embeddable":true,"href":"https:\/\/www.leisoletremiti.it\/index.php\/wp-json\/wp\/v2\/users\/2"}],"replies":[{"embeddable":true,"href":"https:\/\/www.leisoletremiti.it\/index.php\/wp-json\/wp\/v2\/comments?post=8"}],"version-history":[{"count":1,"href":"https:\/\/www.leisoletremiti.it\/index.php\/wp-json\/wp\/v2\/pages\/8\/revisions"}],"predecessor-version":[{"id":573,"href":"https:\/\/www.leisoletremiti.it\/index.php\/wp-json\/wp\/v2\/pages\/8\/revisions\/573"}],"wp:attachment":[{"href":"https:\/\/www.leisoletremiti.it\/index.php\/wp-json\/wp\/v2\/media?parent=8"}],"curies":[{"name":"wp","href":"https:\/\/api.w.org\/{rel}","templated":true}]}}