{"id":4,"date":"2008-07-24T11:08:45","date_gmt":"2008-07-24T09:08:45","guid":{"rendered":"http:\/\/www.leisoletremiti.it\/?page_id=4"},"modified":"2015-07-09T19:13:36","modified_gmt":"2015-07-09T17:13:36","slug":"il-comune-delle-isole-tremiti","status":"publish","type":"page","link":"https:\/\/www.leisoletremiti.it\/index.php\/il-comune-delle-isole-tremiti","title":{"rendered":"Il comune delle Isole Tremiti"},"content":{"rendered":"<p class=\"MsoNormal\">Le <strong>Isole Tremiti<\/strong> appartengono alla provincia di <strong>Foggia<\/strong> ma sono organizzate dal punto di vista amministrativo in un comune a s\u00e9, Isole Tremiti appunto, comprendente tutta l\u2019estensione dell\u2019arcipelago.<\/p>\n<p class=\"MsoNormal\"><img decoding=\"async\" class=\"ngg-singlepic ngg-none\" src=\"https:\/\/www.leisoletremiti.it\/wp-content\/uploads\/2023\/07\/scalinata-accesso-nucleo-centrale-monastero-san-nicola.jpg\" alt=\"scalinata-accesso-nucleo-centrale-monastero-san-nicola\" \/><\/p>\n<p class=\"MsoNormal\">Oltre ad essere l\u2019unico gruppo di isole del <strong>Mare Adriatico<\/strong>, Isole Tremiti vanta diversi altri primati: ha una superficie di 3 kmq, tra le pi\u00f9 piccole in Italia, e una popolazione residente di poco pi\u00f9 di 350 abitanti con cui contende ad altre localit\u00e0, per lo pi\u00f9 di montagna, la palma di territorio meno popolato della Regione. In  effetti il dato statistico \u00e8 puramente indicativo: molti dei \u201ctremitesi\u201d abitano qui soltanto per una parte dell\u2019anno e le abitazioni, specialmente sull\u2019Isola di <strong>San Domino<\/strong>, sono spesso seconde case. Nei mesi estivi, inoltre, la popolazione cresce tre o quattro volte tanto e non sono pochi i turisti VIP divenuti ormai \u201chabitu\u00e8\u201d dell\u2019Isola.<\/p>\n<p class=\"MsoNormal\">Pur essendo registrate due attivit\u00e0 di tipo industriale il comune vive essenzialmente di turismo che occupa comprensibilmente l\u201980% della popolazione adulta residente. Dando uno sguardo all\u2019Arcipelago si capisce bene come non potrebbe essere altrimenti: seppur di estensione ridotta le isole che lo compongono offrono <strong>panorami naturali <\/strong>cangianti, dalle scogliere alle spiagge sabbiose, dalle pinete ai promontori rocciosi a strapiombo sul mare. Di fondamentale importanza \u00e8 anche la <strong>Riserva<\/strong><strong> Marina<\/strong> che comprende il territorio e le acque di tutto l\u2019Arcipelago con particolare attenzione alle isole disabitate di <strong>Pianosa<\/strong>, <strong>Capraia<\/strong> e <strong>Cretaccio<\/strong>, dove \u00e8 vietata ogni forma di turismo di massa, caccia e pesca. Se l\u2019Isola di San Domino \u00e8 quella a maggiore vocazione turistica, e non a caso \u00e8 l\u2019isola con la maggior concentrazione di strutture ricettive e con il regolamento pi\u00f9 blando di tutta l\u2019area della Riserva, quella di <strong>San Nicola<\/strong> \u00e8 a vocazione amministrativa: \u00e8 qui che hanno sede i principali uffici, tra cui il municipio, e le case dei pochi residenti. Dal punto di vista turistico, San Nicola offre oltre alla bellezza naturalistica anche le testimonianze storiche di un lungo e tormentato passato.<\/p>\n","protected":false},"excerpt":{"rendered":"<p>Le Isole Tremiti appartengono alla provincia di Foggia ma sono organizzate dal punto di vista amministrativo in un comune a s\u00e9, Isole Tremiti appunto, comprendente tutta l\u2019estensione dell\u2019arcipelago. Oltre ad essere l\u2019unico gruppo di isole del Mare Adriatico, Isole Tremiti vanta diversi altri primati: ha una superficie di 3 kmq, tra le pi\u00f9 piccole in [&hellip;]<\/p>\n","protected":false},"author":2,"featured_media":0,"parent":0,"menu_order":22,"comment_status":"open","ping_status":"closed","template":"","meta":{"footnotes":""},"class_list":["post-4","page","type-page","status-publish","hentry"],"aioseo_notices":[],"_links":{"self":[{"href":"https:\/\/www.leisoletremiti.it\/index.php\/wp-json\/wp\/v2\/pages\/4","targetHints":{"allow":["GET"]}}],"collection":[{"href":"https:\/\/www.leisoletremiti.it\/index.php\/wp-json\/wp\/v2\/pages"}],"about":[{"href":"https:\/\/www.leisoletremiti.it\/index.php\/wp-json\/wp\/v2\/types\/page"}],"author":[{"embeddable":true,"href":"https:\/\/www.leisoletremiti.it\/index.php\/wp-json\/wp\/v2\/users\/2"}],"replies":[{"embeddable":true,"href":"https:\/\/www.leisoletremiti.it\/index.php\/wp-json\/wp\/v2\/comments?post=4"}],"version-history":[{"count":0,"href":"https:\/\/www.leisoletremiti.it\/index.php\/wp-json\/wp\/v2\/pages\/4\/revisions"}],"wp:attachment":[{"href":"https:\/\/www.leisoletremiti.it\/index.php\/wp-json\/wp\/v2\/media?parent=4"}],"curies":[{"name":"wp","href":"https:\/\/api.w.org\/{rel}","templated":true}]}}