{"id":359,"date":"2014-03-01T10:55:46","date_gmt":"2014-03-01T08:55:46","guid":{"rendered":"http:\/\/www.leisoletremiti.it\/?page_id=359"},"modified":"2025-10-17T16:50:06","modified_gmt":"2025-10-17T14:50:06","slug":"le-webcam-delle-isole-tremiti-in-puglia","status":"publish","type":"page","link":"https:\/\/www.leisoletremiti.it\/index.php\/le-webcam-delle-isole-tremiti-in-puglia","title":{"rendered":"Le webcam delle isole Tremiti in Puglia"},"content":{"rendered":"\n<p><b>La webcam delle isole Tremiti<\/b><\/p>\n\n\n\n<p>Aggiornamento! la webcam non \u00e8 pi\u00f9 disponibile<\/p>\n\n\n\n<p>Una finestra virtuale <b>sulle isole tremiti,<\/b> la suggestiva spiaggia selvaggia <b>dell&#8217;isola di San Domino,<\/b> nell&#8217;arcipelago pugliese delle Tremiti: posizionata nei pressi di Piazza Belvedere e puntata verso questa insenatura naturale abbracciata da una lussureggiante vegetazione e da rocce calcaree, la webcam abbraccia un angolo di paradiso delle isole Diomedee.<\/p>\n\n\n\n<p>Ad attivare il progetto innovativo che consentir\u00e0 24 ore su 24 di scoprire o riscoprire diverse viste panoramiche di un luogo stupendo incastonato a strapiombo sul mare, \u00e8 stato un <b>Hotel,<\/b> ubicato appunto  a soli 100 metri da Cala Matano.<\/p>\n\n\n\n<p>Collegandosi alle webcam di San Domino, anche comodamente seduti a casa propria, si potr\u00e0 seguire in diretta il quotidiano avvicendarsi del tempo e delle giornate negli scorci pi\u00f9 caratteristici di questa isola dell&#8217;Adriatico, si potr\u00e0 curiosare lo scorrere sereno della vita, e addentrarsi tra i <b>pini d&#8217;Aleppo<\/b> e la lussureggiante vegetazione a macchia mediterranea, e sognare di fare un tuffo ideale nelle acque cristalline di Cala Matano. La Webcam permetter\u00e0 di apprezzare il susseguirsi delle diverse sfumature di blu sul mar Adriatico, accompagnato dallo sciabordio delle onde; di sera, l&#8217;illuminazione crea un ambiente romantico sulla piazzetta del Belvedere, fulcro della vita sociale e di San Domino, luogo simbolo.<\/p>\n\n\n\n<figure class=\"wp-block-image size-full\"><a href=\"https:\/\/www.leisoletremiti.it\/wp-content\/uploads\/2023\/07\/panorama-tremiti-puglia.jpg\"><img loading=\"lazy\" decoding=\"async\" width=\"800\" height=\"600\" src=\"https:\/\/www.leisoletremiti.it\/wp-content\/uploads\/2023\/07\/panorama-tremiti-puglia.jpg\" alt=\"Vista Panoramica nelle tremiti\" class=\"wp-image-528\" srcset=\"https:\/\/www.leisoletremiti.it\/wp-content\/uploads\/2023\/07\/panorama-tremiti-puglia.jpg 800w, https:\/\/www.leisoletremiti.it\/wp-content\/uploads\/2023\/07\/panorama-tremiti-puglia-300x225.jpg 300w, https:\/\/www.leisoletremiti.it\/wp-content\/uploads\/2023\/07\/panorama-tremiti-puglia-768x576.jpg 768w, https:\/\/www.leisoletremiti.it\/wp-content\/uploads\/2023\/07\/panorama-tremiti-puglia-624x468.jpg 624w\" sizes=\"auto, (max-width: 800px) 100vw, 800px\" \/><\/a><\/figure>\n\n\n\n<p>Altre webcam posso essere consultate su <b>Vedetta .org<\/b><br \/>L&#8217;iniziativa inoltre consente di promuovere, ovunque nel mondo, le straordinarie bellezze di San Domino, offrendo immagini stupende sia d&#8217;inverno che d&#8217;estate, sia di giorno che di notte: la vista che si apre da qui abbraccia parte dei 200 ettari dell&#8217;isola sparsi su una lunghezza di <b>tre chilometri.<\/b> Oltre ad essere uno strumento per verificare se le previsioni del tempo sono corrette e approfittare subito di un piacevole week end sull&#8217;isola, sar\u00e0 a disposizione di enti e istituzioni per qualsiasi tipo di rilevazione statistica. Grazie alla Webcam di San Domino si potr\u00e0 viaggiare con la mente e fantasticare proiettandosi in un luogo del quale, per qualche istante, ci si sentir\u00e0 parte integrante.<\/p>\n","protected":false},"excerpt":{"rendered":"<p>La webcam delle isole Tremiti Aggiornamento! la webcam non \u00e8 pi\u00f9 disponibile Una finestra virtuale sulle isole tremiti, la suggestiva spiaggia selvaggia dell&#8217;isola di San Domino, nell&#8217;arcipelago pugliese delle Tremiti: posizionata nei pressi di Piazza Belvedere e puntata verso questa insenatura naturale abbracciata da una lussureggiante vegetazione e da rocce calcaree, la webcam abbraccia un [&hellip;]<\/p>\n","protected":false},"author":1,"featured_media":0,"parent":0,"menu_order":0,"comment_status":"open","ping_status":"closed","template":"","meta":{"footnotes":""},"class_list":["post-359","page","type-page","status-publish","hentry"],"aioseo_notices":[],"_links":{"self":[{"href":"https:\/\/www.leisoletremiti.it\/index.php\/wp-json\/wp\/v2\/pages\/359","targetHints":{"allow":["GET"]}}],"collection":[{"href":"https:\/\/www.leisoletremiti.it\/index.php\/wp-json\/wp\/v2\/pages"}],"about":[{"href":"https:\/\/www.leisoletremiti.it\/index.php\/wp-json\/wp\/v2\/types\/page"}],"author":[{"embeddable":true,"href":"https:\/\/www.leisoletremiti.it\/index.php\/wp-json\/wp\/v2\/users\/1"}],"replies":[{"embeddable":true,"href":"https:\/\/www.leisoletremiti.it\/index.php\/wp-json\/wp\/v2\/comments?post=359"}],"version-history":[{"count":3,"href":"https:\/\/www.leisoletremiti.it\/index.php\/wp-json\/wp\/v2\/pages\/359\/revisions"}],"predecessor-version":[{"id":592,"href":"https:\/\/www.leisoletremiti.it\/index.php\/wp-json\/wp\/v2\/pages\/359\/revisions\/592"}],"wp:attachment":[{"href":"https:\/\/www.leisoletremiti.it\/index.php\/wp-json\/wp\/v2\/media?parent=359"}],"curies":[{"name":"wp","href":"https:\/\/api.w.org\/{rel}","templated":true}]}}