{"id":3,"date":"2008-07-11T01:11:33","date_gmt":"2008-07-10T23:11:33","guid":{"rendered":"http:\/\/www.leisoletremiti.it\/?page_id=3"},"modified":"2024-07-08T06:28:03","modified_gmt":"2024-07-08T04:28:03","slug":"le-isole-tremiti-in-puglia","status":"publish","type":"page","link":"https:\/\/www.leisoletremiti.it\/","title":{"rendered":"Le Isole Tremiti in Puglia"},"content":{"rendered":"\n<p><strong>Le Isole Tremiti<\/strong> per la loro bellezza vengono definite &#8220;LE PERLE DELL&#8217;ADRIATICO&#8221; e sono meta preferita di moltissimi turisti.<br \/>Le perle di questo <strong>magnifico arcipelago<\/strong> sono <strong>San Nicola, san Domino, Cretaccio, Caprara e Pianosa.<\/strong><br \/>In epoca romana le isole erano conosciute con il nome DIOMEDEE, dal mitico eroe greco Diomede che secondo la leggenda, nel suo peregrinare nel mare Adriatico, si ferm\u00f2 nella Daunia dove fond\u00f2 diversi centri, ma la sua vita ebbe fine nell&#8217;arcipelago dove fu anche sepolto. I suoi compagni furono trasformati da Venere in uccelli: le Diomedee appunto, sono uccelli dalla grande apertura alare, che ogni primavera lasciano l&#8217;Africa Orientale verso l&#8217;Adriatico per nidificare sulle pareti a strapiombo tipiche della costa di queste isole. Il loro canto che si sente in particolare nelle ore notturne, altro non \u00e8 che il lamento dei compagni di Diomede che piangono la perdita del loro eroe. Il loro nome Tremiti, fu attribuito successivamente dai Romani volendole indicare come tre monti che spuntano dalle acque del mare all&#8217;orizzonte.<\/p>\n\n\n\n<p>Alcuni ritrovamenti sull&#8217;isola di San Domino testimoniano la presenza dell&#8217;uomo Neolitico ed altre testimonianze dell&#8217;et\u00e0 del Bronzo sono state rinvenute sull&#8217;Isola di San Nicola. In quest&#8217;ultima sono presenti resti dell&#8217;et\u00e0 classico-ellenistica ed anche una domus romanae. All&#8217;inizio dell&#8217;anno mille i Monaci Cassinesi avevano fondato un centro religioso. Nel Medioevo notevole importanza acquist\u00f2 l&#8217;Abbazzia fondata nel 1010 dai Benedettini Cassinesi sull\u2019isola di San Nicola; La Chiesa di Santa Maria ed i resti della fortezza rappresentano uno dei gioielli architettonici pi\u00f9 belli d&#8217;Italia.L&#8217;abbazia fu soppressa nel 1780 da Ferdinando II che vi sostitu\u00ec una colonia penale. Il fascismo la utilizz\u00f2 come luogo di confino per i dissidenti del regime.<\/p>\n\n\n\n<p>Oggi l&#8217;isola \u00e8 abitata da circa 300 residenti per tutto l&#8217;anno, mentre d&#8217;estate diventa un centro frequentatissimo. Dal 1989 \u00e8 stata istituita la <a href=\"https:\/\/www.leisoletremiti.it\/index.php\/la-riserva-marina\" target=\"_blank\" rel=\"noopener noreferrer\">riserva naturale marina delle ISOLE TREMITI<\/a>.<\/p>\n\n\n\n<p>Delle Isole Tremiti solo due sono abitate, l&#8217;Isola di San Domino e l&#8217;Isola di San Nicola, e sulla prima si concentrano la maggior parte delle strutture di accoglienza turistica, i residence, i villaggi turistici, gli hotel e le pensioni.<br \/>L&#8217;isola \u00e8 decisamente amata anche dai velisti e dai navigatori, che vi approdano durante tutta la stagione estiva, sebbene le isole non siano provviste di una vera e propria struttura portuale ma semplicemente di alcune banchine cui attraccare.<\/p>\n\n\n\n<p>Alle Isole Tremiti non ci sono spiagge, se non in un paio di localit\u00e0: Cala delle Arene sull&#8217;isola di San Domino caratterizzata da una lingua di sabbia con accanto una suggestiva grotta dallo stesso nome lunga circa 10 metri, e Cala Pietra di Fucile, cos\u00ec chiamata per la singolare conformazione dei ciottoli che la compongono, tondi a tal punto che un tempo venivano usati proprio come proiettili per i cannoni.<br \/>Il fatto che non ci siano spiagge per\u00f2 non \u00e8 certo scoraggiante, almeno per chi ama il mare, perch\u00e8 le decine di calette che si possono raggiungere lungo il litorale, Cala dello Spido, Cala Matano, Cala degli Inglesi, Cala Tonda per ricordare solo quelle pi\u00f9 conosciute, difficilmente faranno rimpiangere la spiaggia.<\/p>\n\n\n\n<figure class=\"wp-block-image\"><img decoding=\"async\" src=\"https:\/\/www.leisoletremiti.it\/wp-content\/uploads\/2023\/07\/panorama-zona-archeologica-tremiti.jpg\" alt=\"panorama-zona-archeologica-tremiti\"\/><\/figure>\n\n\n\n<p><\/p>\n\n\n\n<p>Un mare limpido cos\u00ec lo si pu\u00f2 ammirare solo raramente, e lo si pu\u00f2 verificare gi\u00e0 dalla cima delle scogliere, prima di scendere nelle insenature a filo dell&#8217;acqua. E&#8217; infatti possibile scorgere il fondo del mare gi\u00e0 dall&#8217;alto, e per parecchi metri sott&#8217;acqua.<br \/>Ci\u00f2 significa inoltre che le Isole Tremiti sono un vero e proprio paradiso per gli amanti delle immersioni ed anche nella pesca subacquea l\u00e0 dove \u00e8 consentito dalle leggi che proteggono la riserva naturale.<\/p>\n","protected":false},"excerpt":{"rendered":"<p>Le Isole Tremiti per la loro bellezza vengono definite &#8220;LE PERLE DELL&#8217;ADRIATICO&#8221; e sono meta preferita di moltissimi turisti.Le perle di questo magnifico arcipelago sono San Nicola, san Domino, Cretaccio, Caprara e Pianosa.In epoca romana le isole erano conosciute con il nome DIOMEDEE, dal mitico eroe greco Diomede che secondo la leggenda, nel suo peregrinare [&hellip;]<\/p>\n","protected":false},"author":1,"featured_media":0,"parent":0,"menu_order":28,"comment_status":"open","ping_status":"closed","template":"","meta":{"footnotes":""},"class_list":["post-3","page","type-page","status-publish","hentry"],"aioseo_notices":[],"_links":{"self":[{"href":"https:\/\/www.leisoletremiti.it\/index.php\/wp-json\/wp\/v2\/pages\/3","targetHints":{"allow":["GET"]}}],"collection":[{"href":"https:\/\/www.leisoletremiti.it\/index.php\/wp-json\/wp\/v2\/pages"}],"about":[{"href":"https:\/\/www.leisoletremiti.it\/index.php\/wp-json\/wp\/v2\/types\/page"}],"author":[{"embeddable":true,"href":"https:\/\/www.leisoletremiti.it\/index.php\/wp-json\/wp\/v2\/users\/1"}],"replies":[{"embeddable":true,"href":"https:\/\/www.leisoletremiti.it\/index.php\/wp-json\/wp\/v2\/comments?post=3"}],"version-history":[{"count":1,"href":"https:\/\/www.leisoletremiti.it\/index.php\/wp-json\/wp\/v2\/pages\/3\/revisions"}],"predecessor-version":[{"id":588,"href":"https:\/\/www.leisoletremiti.it\/index.php\/wp-json\/wp\/v2\/pages\/3\/revisions\/588"}],"wp:attachment":[{"href":"https:\/\/www.leisoletremiti.it\/index.php\/wp-json\/wp\/v2\/media?parent=3"}],"curies":[{"name":"wp","href":"https:\/\/api.w.org\/{rel}","templated":true}]}}