{"id":249,"date":"2012-02-13T21:03:43","date_gmt":"2012-02-13T19:03:43","guid":{"rendered":"http:\/\/www.leisoletremiti.it\/?page_id=249"},"modified":"2023-07-07T11:55:00","modified_gmt":"2023-07-07T09:55:00","slug":"la-riserva-marina","status":"publish","type":"page","link":"https:\/\/www.leisoletremiti.it\/index.php\/la-riserva-marina","title":{"rendered":"La Riserva Marina"},"content":{"rendered":"\n<p>La riserva naturale marina denominata \u201cIsole Tremiti\u201d \u00e8 stata istituita con decreto interministeriale in data 14.07.1989 ed \u00e8 stata suddivisa in TRE ZONE.<\/p>\n\n\n\n<p><strong><span style=\"text-decoration: underline;\">ZONA \u201cA\u201d di riserva integrale<\/span><\/strong><\/p>\n\n\n\n<p>&nbsp;<\/p>\n\n\n<div class=\"wp-block-image\">\n<figure class=\"alignleft\"><a href=\"https:\/\/www.leisoletremiti.it\/wp-content\/uploads\/2012\/02\/Riserva_Marina_isole_tremiti.jpg\"><img loading=\"lazy\" decoding=\"async\" width=\"289\" height=\"300\" src=\"https:\/\/www.leisoletremiti.it\/wp-content\/uploads\/2012\/02\/Riserva_Marina_isole_tremiti.jpg\" alt=\"\" class=\"wp-image-250\" title=\"Riserva_Marina_isole_tremiti\"\/><\/a><\/figure>\n<\/div>\n\n\n<p>In tale zona sono vietate:<\/p>\n\n\n\n<p>a)&nbsp;l\u2019asportazione anche parziale e il danneggiamento delle formazioni geologiche&nbsp;&nbsp; e minerali;<\/p>\n\n\n\n<p>b)&nbsp;&nbsp;la pesca, sia professionale che sportiva con qualunque mezzo&nbsp; esercitata;<\/p>\n\n\n\n<p>c)&nbsp;&nbsp;la caccia, la cattura, la raccolta, il danneggiamento e in genere&nbsp; qualunque attivit\u00e0 che possa costituire pericolo o turbamento delle specie animali o vegetali, ivi compresa la immissione di specie estranee;<\/p>\n\n\n\n<p>d)&nbsp;&nbsp;l\u2019alterazione, con qualsiasi mezzo, diretta o indiretta, dell\u2019ambiente geofisico e delle caratteristiche biochimiche dell\u2019acqua nonch\u00e9 la discarica dei rifiuti solidi o liquidi e in genere l\u2019immissione di qualsiasi sostanza che possa modificare, anche transitoriamente, le caratteristiche dell\u2019ambiente marino;<\/p>\n\n\n\n<p>e)&nbsp; l\u2019introduzione di armi, esplosivi e di qualsiasi mezzo distruttivo o di cattura, nonch\u00e9 sostanze tossiche o inquinanti;<\/p>\n\n\n\n<p>f)&nbsp;&nbsp; le attivit\u00e0 che possono comunque arrecare danno, intralcio o turbativa ai programmi di studio e di ricerca scientifica da attuarsi sull\u2019area.<\/p>\n\n\n\n<p>In tale ZONA \u00e8 permesso, previa autorizzazione della Capitaneria di Porto di Manfredonia la balneazione, la navigazione, l\u2019accesso e la sosta con navi e natanti di qualsiasi genere, per finalit\u00e0 scientifiche e per visite guidate; l\u2019immersione con o senza apparecchio di respirazione.<\/p>\n\n\n\n<p><strong><span style=\"text-decoration: underline;\">ZONA \u201cB\u201d di riserva generale<\/span><\/strong><\/p>\n\n\n\n<p>In tale zona sono vietate:<\/p>\n\n\n\n<p>a)&nbsp;qualsiasi forma di pesca o di prelievo da parte dei subacquei muniti o meno di apparecchi respiratori;<\/p>\n\n\n\n<p>b)&nbsp;qualsiasi attivit\u00e0 che possa alterare direttamente o indirettamente l\u2019ambiente geofisico o possa comunque arrecare danno all\u2019ambiente;<\/p>\n\n\n\n<p>c)&nbsp;in tale ZONA \u00e8 consentito, previa autorizzazione della Capitaneria di Porto di Manfredonia, la navigazione, la pesca sportiva con lenza da fermo e da traino, la pesca professionale con esclusione dello strascico, immersioni e attivit\u00e0 fotografiche subacquee.<\/p>\n\n\n\n<p><strong><span style=\"text-decoration: underline;\">ZONA \u201cC\u201d di riserva parziale<\/span><\/strong><\/p>\n\n\n\n<figure class=\"wp-block-image size-full\"><a href=\"https:\/\/www.leisoletremiti.it\/wp-content\/uploads\/2023\/07\/mare-incontaminato.jpg\"><img loading=\"lazy\" decoding=\"async\" width=\"800\" height=\"600\" src=\"https:\/\/www.leisoletremiti.it\/wp-content\/uploads\/2023\/07\/mare-incontaminato.jpg\" alt=\"Mare incontaminato delle tremiti\" class=\"wp-image-522\" srcset=\"https:\/\/www.leisoletremiti.it\/wp-content\/uploads\/2023\/07\/mare-incontaminato.jpg 800w, https:\/\/www.leisoletremiti.it\/wp-content\/uploads\/2023\/07\/mare-incontaminato-300x225.jpg 300w, https:\/\/www.leisoletremiti.it\/wp-content\/uploads\/2023\/07\/mare-incontaminato-768x576.jpg 768w, https:\/\/www.leisoletremiti.it\/wp-content\/uploads\/2023\/07\/mare-incontaminato-624x468.jpg 624w\" sizes=\"auto, (max-width: 800px) 100vw, 800px\" \/><\/a><\/figure>\n\n\n\n<p>In tale ZONA \u00e8 ammessa qualsiasi forma di pesca sportiva, nei limiti consentiti e stabiliti con ordinanza n.5\/90 in data 05.03.1990 della Capitaneria di Porto di Manfredonia. La pesca professionale, con esclusione dello strascico, deve essere preventivamente autorizzata dalla Capitaneria di Porto di Manfredonia.<\/p>\n\n\n\n<p>I contravventori saranno perseguiti a mente dell\u2019art. 30 Legge 31.12.1982 n. 979 (sanzione amministrativa da \u00a3. 200.000 a \u00a3. 5.000.000). &nbsp;<\/p>\n\n\n\n<p>&#8212;&#8212;&#8212;&#8212;&#8212;&#8212;&#8212;&#8212;&#8212;&#8212;&#8212;&#8212;&#8212;&#8212;&#8212;&#8212;&#8212;&#8212;&#8212;&#8212;&#8212;&#8212;&#8212;&#8212;&#8212;<\/p>\n\n\n\n<div align=\"center\">\n<table border=\"0\" width=\"567\" cellpadding=\"0\">\n<tbody>\n<tr>\n<td valign=\"top\" width=\"561\">\n<p align=\"center\"><strong>Decreto interministeriale 14 luglio 1989<\/strong><\/p>\n<p align=\"center\"><strong>Istituzione della riserva naturale marinadenominata<br \/>&#8220;Isole Tremiti&#8221; nell&#8217;omonimo arcipelago<\/strong><\/p>\n<\/td>\n<\/tr>\n<tr>\n<td valign=\"top\">\n<p align=\"center\">(G.U. della Repubblica Italiana n. 295 del 19 dicembre 1989)<\/p>\n<p align=\"center\"><strong>Il Ministro dell&#8217;Ambiente<br \/>di concerto con<br \/>il Ministro della Marina Mercantile<\/strong><\/p>\n<p>Visti gli articoli 26,27,28, 20, 31 e 32 della legge 31 dicembre 1982, n. 979, recante disposizioni per la difesa del mare, come modificate ed integrata dalla legge 8 luglio 1986, n. 349, istitutiva del Ministero dell&#8217;ambiente;<\/p>\n<p>Vista la proposta della consulta per la difesa del mare dagli inquinamenti formulata nella seduta del 21 giugno 1988, che costituisce parte integrante del presente decreto;<\/p>\n<p>Visto il parere della regione Puglia;<\/p>\n<p>Visto il parere del comune delle isole Tremiti;<\/p>\n<p>Visto il parere dell&#8217;Istituto centrale per la ricerca scientifica e tecnologica applicata alla pesca marittima;<\/p>\n<p>Ravvisata l&#8217;opportunit\u00e0 di provvedere alla istituzione della riserva naturale marina &#8220;Isole Tremiti&#8221;;<\/p>\n<p align=\"center\">Decreta:<\/p>\n<p>&nbsp;<\/p>\n<p align=\"center\"><strong>Art. 1.<\/strong><\/p>\n<p>E&#8217; istituita ai sensi della legge 31 dicembre 1982, n. 979, come modificata ed integrata dalla legge 8 luglio 1986, n. 349, la riserva naturale marina denominata &#8220;Isole Tremiti&#8221; nell&#8217;omonimo arcipelago.<\/p>\n<p>&nbsp;<\/p>\n<p align=\"center\"><strong>Art. 2.<\/strong><\/p>\n<p>La riserva marina di cui al precedente art. 1 interessa l&#8217;area costiera che circonda le isole di S. Domino, S. Nicola, Caprara e Pianosa per tutto il tratto di mare ricompreso in via di massima fino all&#8217;isobata dei 70 metri e secondo quanto puntualmente indicato nella cartografia allegata al presente decreto con i numeri I e II.<\/p>\n<p>&nbsp;<\/p>\n<p>&nbsp;<\/p>\n<p align=\"center\"><strong>Art. 3.<\/strong><\/p>\n<p>Nell&#8217;ambito delle finalit\u00e0 di cui all&#8217;art. 27, terzo comma, lettere b) e c), della legge 31 dicembre 1982, n. 979, la riserva naturale marina &#8220;Isola Tremiti&#8221;, in particolare persegue:<\/p>\n<ol start=\"1\">\n<li>la protezione ambientale dell&#8217;area marina interessata;<\/li>\n<li>la tutela e la valorizzazione delle risorse biologiche e il ripopolamento ittico della zona;<\/li>\n<li>la diffusione della conoscenza della biologia, degli ambienti marini e delle peculiari caratteristiche geologiche e geomorfologiche della zona;<\/li>\n<li>l&#8217;effettuazione di programmi di carattere divulgativo-educativo per il miglioramento della cultura generale nel campo della biologia e della ecologia marina;<\/li>\n<li>l&#8217;effettuazione di programmi di ricerca scientifica nei settori della biologia marina e della tutela ambientale;<\/li>\n<li>la promozione di uno sviluppo socio-economico compatibile con la rilevanza naturalistico-paesaggistica dell&#8217;arcipelago, anche privilegiando attivit\u00e0 tradizionali locali gi\u00e0 presenti. Nell&#8217;ambito dell&#8217;azione di promozione di sviluppo compatibile, per le attivit\u00e0 relative alla canalizzazione dei flussi turistici e di visite guidate, la determinazione della disciplina relativa dovr\u00e0 prevedere specifiche facilitazioni per i mezzi di trasporto collettivo gestiti direttamente da cittadini residenti nel comune.<\/li>\n<\/ol>\n<p>&nbsp;<\/p>\n<p align=\"center\"><strong>Art. 4.<\/strong><\/p>\n<p>L&#8217;area della riserva marina &#8220;Isole Tremiti&#8221; \u00e8 delimitata, nel mare circostante l&#8217;arcipelago delle isole Tremiti, dalla congiungente i seguenti punti:<\/p>\n<div align=\"center\">\n<table border=\"0\" width=\"339\" cellpadding=\"0\">\n<tbody>\n<tr>\n<td width=\"29\">\n<p align=\"right\">a)<\/p>\n<\/td>\n<td width=\"138\">\n<p align=\"center\">lat. 42\u00b008&#8217;16&#8221;N<\/p>\n<\/td>\n<td width=\"156\">\n<p align=\"center\">long. 015\u00b030&#8217;00&#8221;E;<\/p>\n<\/td>\n<\/tr>\n<tr>\n<td width=\"29\">\n<p align=\"right\">b)<\/p>\n<\/td>\n<td width=\"138\">\n<p align=\"center\">lat. 42\u00b008&#8217;30&#8221;N<\/p>\n<\/td>\n<td width=\"156\">\n<p align=\"center\">long. 015\u00b030&#8217;30&#8221;E;<\/p>\n<\/td>\n<\/tr>\n<tr>\n<td width=\"29\">\n<p align=\"right\">c)<\/p>\n<\/td>\n<td width=\"138\">\n<p align=\"center\">lat. 42\u00b008&#8217;24&#8221;N<\/p>\n<\/td>\n<td width=\"156\">\n<p align=\"center\">long. 015\u00b032&#8217;00&#8221;E;<\/p>\n<\/td>\n<\/tr>\n<tr>\n<td width=\"29\">\n<p align=\"right\">d)<\/p>\n<\/td>\n<td width=\"138\">\n<p align=\"center\">lat. 42\u00b007&#8217;30&#8221;N<\/p>\n<\/td>\n<td width=\"156\">\n<p align=\"center\">long. 015\u00b031&#8217;30&#8221;E;<\/p>\n<\/td>\n<\/tr>\n<tr>\n<td width=\"29\">\n<p align=\"right\">e)<\/p>\n<\/td>\n<td width=\"138\">\n<p align=\"center\">lat. 42\u00b005&#8217;30&#8221;N<\/p>\n<\/td>\n<td width=\"156\">\n<p align=\"center\">long. 015\u00b029&#8217;00&#8221;E;<\/p>\n<\/td>\n<\/tr>\n<tr>\n<td width=\"29\">\n<p align=\"right\">f)<\/p>\n<\/td>\n<td width=\"138\">\n<p align=\"center\">lat. 42\u00b005&#8217;48&#8221;N<\/p>\n<\/td>\n<td width=\"156\">\n<p align=\"center\">long. 015\u00b028&#8217;06&#8221;E;<\/p>\n<\/td>\n<\/tr>\n<tr>\n<td width=\"29\">\n<p align=\"right\">g)<\/p>\n<\/td>\n<td width=\"138\">\n<p align=\"center\">lat. 42\u00b006&#8217;21&#8221;N<\/p>\n<\/td>\n<td width=\"156\">\n<p align=\"center\">long. 015\u00b028&#8217;09&#8221;E;<\/p>\n<\/td>\n<\/tr>\n<tr>\n<td width=\"29\">\n<p align=\"right\">h)<\/p>\n<\/td>\n<td width=\"138\">\n<p align=\"center\">lat. 42\u00b006&#8217;42&#8221;N<\/p>\n<\/td>\n<td width=\"156\">\n<p align=\"center\">long. 015\u00b028&#8217;12&#8221;E;<\/p>\n<\/td>\n<\/tr>\n<tr>\n<td width=\"29\">\n<p align=\"right\">i)<\/p>\n<\/td>\n<td width=\"138\">\n<p align=\"center\">lat. 42\u00b007&#8217;30&#8221;N<\/p>\n<\/td>\n<td width=\"156\">\n<p align=\"center\">long. 015\u00b028&#8217;18&#8221;E;<\/p>\n<\/td>\n<\/tr>\n<\/tbody>\n<\/table>\n<\/div>\n<p>nonch\u00e8, nel mare circostante l&#8217;isola di Pianosa, dalla congiungente i seguenti punti:<\/p>\n<p>&nbsp;<\/p>\n<div align=\"center\">\n<table border=\"0\" width=\"339\" cellpadding=\"0\">\n<tbody>\n<tr>\n<td width=\"29\">\n<p align=\"right\">A)<\/p>\n<\/td>\n<td width=\"138\">\n<p align=\"center\">lat. 42\u00b013&#8217;42&#8221;N<\/p>\n<\/td>\n<td width=\"156\">\n<p align=\"center\">long. 015\u00b044&#8217;30&#8221;E;<\/p>\n<\/td>\n<\/tr>\n<tr>\n<td width=\"29\">\n<p align=\"right\">B)<\/p>\n<\/td>\n<td width=\"138\">\n<p align=\"center\">lat. 42\u00b013&#8217;36&#8221;N<\/p>\n<\/td>\n<td width=\"156\">\n<p align=\"center\">long. 015\u00b045&#8217;20&#8221;E;<\/p>\n<\/td>\n<\/tr>\n<tr>\n<td width=\"29\">\n<p align=\"right\">C)<\/p>\n<\/td>\n<td width=\"138\">\n<p align=\"center\">lat. 42\u00b012&#8217;54&#8221;N<\/p>\n<\/td>\n<td width=\"156\">\n<p align=\"center\">long. 015\u00b045&#8217;00&#8221;E;<\/p>\n<\/td>\n<\/tr>\n<tr>\n<td width=\"29\">\n<p align=\"right\">D)<\/p>\n<\/td>\n<td width=\"138\">\n<p align=\"center\">lat. 42\u00b013&#8217;00&#8221;N<\/p>\n<\/td>\n<td width=\"156\">\n<p align=\"center\">long. 015\u00b044&#8217;12&#8221;E;<\/p>\n<\/td>\n<\/tr>\n<tr>\n<td width=\"29\">\n<p align=\"right\">E)<\/p>\n<\/td>\n<td width=\"138\">\n<p align=\"center\">lat. 42\u00b013&#8217;30&#8221;N<\/p>\n<\/td>\n<td width=\"156\">\n<p align=\"center\">long. 015\u00b044&#8217;00&#8221;E;<\/p>\n<\/td>\n<\/tr>\n<\/tbody>\n<\/table>\n<\/div>\n<p>come indicate in cartografia allegata sotto i numeri I e II al presente decreto.<\/p>\n<p><strong>Zona A di riserva integrale<\/strong>.<\/p>\n<p>Comprende il tratto di mare che circonda l&#8217;isola di Pianosa delimitato dai punti da A) ad E) come sopra individuati ed indicati nella cartografia allegata sotto il numero I al presente decreto, secondo una linea ideale di confine che, per quanto possibile, segue l&#8217;isobata dei 70 metri.<br \/>In tale zona sono vietate:<\/p>\n<ol start=\"1\">\n<li>l&#8217;asportazione, anche parziale, e il danneggiamento delle formazioni geologiche e minerali;<\/li>\n<li>la balneazione nonch\u00e9 la navigazione, l&#8217;accesso e la sosta, con navi e natanti di qualsiasi genere e tipo, ad eccezione di quelli autorizzati dall&#8217;ente gestore, per finalit\u00e0 scientifiche e per visite guidate;<\/li>\n<li>la pesca sia professionale che sportiva con qualunque mezzo esercitata;<\/li>\n<li>la caccia, la cattura, la raccolta, il danneggiamento, e in genere qualunque attivit\u00e0 che possa costituire pericolo o turbamento delle specie animali o vegetali, ivi compresa la immissione di specie estranee;<\/li>\n<li>l&#8217;alterazione, con qualsiasi mezzo, diretta o indiretta, dell&#8217;ambiente geofisico e delle caratteristiche biochimiche dell&#8217;acqua, nonch\u00e9 la discarica di rifiuti solidi o liquidi e in genere l&#8217;immissione di qualsiasi sostanza che possa modificare, anche transitoriamente le caratteristiche dell&#8217;ambiente marino;<\/li>\n<li>l&#8217;introduzione di armi, esplosivi e di qualsiasi mezzo distruttivo o di cattura nonch\u00e9 di sostanze tossiche o inquinanti;<\/li>\n<li>le attivit\u00e0 che comunque possono arrecare danno, intralcio o turbativa ai programmi di studio e di ricerca da attuarsi sull&#8217; area;<\/li>\n<li>l&#8217;immersione con o senza apparecchio di respirazione, ad eccezione di quelle autorizzate dall&#8217;ente gestore.<\/li>\n<\/ol>\n<p>Tutta la zona A \u00e8 delimitata da apposite boe a mare.<\/p>\n<p><strong>Zona B di riserva generale<\/strong>.<\/p>\n<p>Comprende la zona di mare dell&#8217;isola di Caprara delimitata dalla congiungente i seguenti punti: 1) di latitudine 42\u00b007&#8217;57&#8221;N e longitudine 015\u00b030&#8217;26&#8221;E, a) b), c), d), di latitudine e longitudine sopra indicate, ed m) di latitudine 42\u00b007&#8217;58&#8221;N e longitudine 015\u00b030&#8217;48&#8221;E, nonch\u00e9 la zona di mare di S. Domino delimitata dalla congiungente i seguenti punti n), di latitudine 42\u00b006&#8217;21&#8221;N e longitudine 015\u00b028&#8217;37&#8221;E, g), h), latitudine e longitudine sopra indicate, ed o) di latitudine 42\u00b006&#8217;42&#8221;N e longitudine 015\u00b028&#8217;32&#8221;E.Tale zona comprende la parte costiera dell&#8217;isola di Caprara, da Cala Sorrentino allo scoglio Caciocavallo verso l&#8217;esterno dell&#8217;arcipelago e, per l&#8217;isola di S. Domino, l&#8217;area compresa tra il faro di Punta Provvidenza e Punta Secca, all&#8217;interno di una linea ideale di confine che per quanto possibile segue l&#8217;isobata dei 70 metri, secondo quanto indicato nella cartografia allegata sotto il numero II al presente decreto.<\/p>\n<p>In tale zona sono vietate:<\/p>\n<ol start=\"1\">\n<li>qualsiasi forma di pesca o di prelievo da parte dei subacquei muniti o meno di apparecchi respiratori;<\/li>\n<li>qualsiasi forma di pesca sportiva o professionale che non sia stata previamente autorizzata dall&#8217;ente di gestione della riserva;<\/li>\n<li>la navigazione tranne quella autorizzata dall&#8217;ente gestore;<\/li>\n<li>qualsiasi attivit\u00e0 che possa alterare direttamente o indirettamente l&#8217;ambiente geofisico o possa comunque arrecare danno all&#8217;ambiente.<\/li>\n<\/ol>\n<p>In detta zona l&#8217;autorit\u00e0 di gestione della riserva pu\u00f2 autorizzare attivit\u00e0 di pesca professionale o sportiva esercitata unicamente con lenze da fermo o da traino nonch\u00e9 immersioni e attivit\u00e0 di fotografia subacquea.<\/p>\n<p><strong>Zona C di riserva parziale<\/strong>.<\/p>\n<p>Comprende il residuo tratto di mare, cos\u00ec come delimitato nel primo capoverso del presente articolo, circondante l&#8217;isola di S. Domino e l&#8217;isola di Caprara e non ricompreso nella zona B di riserva generale, nonch\u00e9 quello circondante l&#8217;isola di S. Nicola all&#8217;interno di una linea ideale di confine che per quanto possibile segue l&#8217;isobata dei 70 metri.<br \/>In tale zona \u00e8 vietata qualsiasi forma di pesca professionale che non sia stata preventivamente autorizzata dall&#8217;ente gestore della riserva.<br \/>E&#8217; ammessa qualsiasi forma di pesca sportiva, nei limiti consentiti dalla vigente legislazione, salvo la facolt\u00e0 dell&#8217;ente di gestione della riserva di prevedere limiti pi\u00f9 restrittivi volti esclusivamente alla tutela ed all&#8217;incremento delle risorse biologiche.<br \/>Il regolamento di cui al successivo art. 8 prevedr\u00e0 le condizioni e i limiti di eventuali deroghe ai divieti di cui al presente articolo, strettamente compatibile con il perseguimento delle finalit\u00e0 di cui al precedente art. 3.<br \/>Sono fatti salvi gli eventuali, ulteriori vincoli risultanti dal piano generale di cui all&#8217;art. 1 della legge n. 979 del 1982.<\/p>\n<p>&nbsp;<\/p>\n<p align=\"center\"><strong>Art. 5. <\/strong><\/p>\n<p>La gestione della riserva marina &#8220;Isole Tremiti&#8221; \u00e8 affidata in via provvisoria alla capitaneria di porto di Manfredonia in attesa che sia delegata con apposita convenzione da stipularsi a parte ai sensi dell&#8217;art. 28 della legge 31 dicembre 1982, n. 979, come modificata dalla legge 8 luglio 1986, n. 349.<\/p>\n<p>&nbsp;<\/p>\n<p align=\"center\"><strong>Art. 6.<\/strong><\/p>\n<p>All&#8217;onere finanziario per la gestione della riserva marina di &#8220;Isole Tremiti&#8221; si provvede con:<\/p>\n<p>il contributo ordinario dello Stato, da disporsi con decreto del Ministro della marina mercantile a carico del cap. 2556 dello stato di previsione della spesa del Ministero della marina mercantile;<\/p>\n<p>gli eventuali contributi di enti o di privati;<\/p>\n<p>i proventi derivanti dalla gestione dei servizi connessi alla fruizione della riserva stessa.<\/p>\n<p>Nella prima applicazione del presente decreto \u00e8 disposta l&#8217;erogazione \u00e8 disposta l&#8217;erogazione di un contributo straordinario di centocinquantamilioni di lire per le spese di primo avviamento e di vigilanza, nonch\u00e9 per la installazione delle boe che delimitano i confini della zona A della riserva. La relativa spesa \u00e8 imputata al cap. 2556 dello stato di previsione della spesa del Ministero della marina mercantile per l&#8217;esercizio finanziario 1989.<\/p>\n<p>&nbsp;<\/p>\n<p align=\"center\"><strong>Art. 7.<\/strong><\/p>\n<p>La vigilanza sulla riserva, il perseguimento delle eventuali violazioni alle norme di cui al presente decreto, nonch\u00e9 la irrogazione delle sanzioni di cui all&#8217;art. 30 della legge 31 dicembre 1982, n. 979 sono affidati alla capitaneria di porto di Manfredonia.<\/p>\n<p>&nbsp;<\/p>\n<p align=\"center\"><strong>Art. 8.<\/strong><\/p>\n<p>Il regolamento di esecuzione del presente decreto e di organizzazione della riserva sar\u00e0 approvato ai sensi dell&#8217;art. 28 della legge 31 dicembre 1982, n. 979, entro sessanta giorni dall&#8217;affidamento della riserva all&#8217;ente delegato, e comunque non oltre centottanta giorni dall&#8217;affidamento della gestione provvisoria alla capitaneria di porto di Manfredonia.<br \/>Nel regolamento di organizzazione, qualunque sia la forma di gestione prescelta dovr\u00e0 essere prevista l&#8217;istituzione di:<br \/>un comitato tecnico-scientifico con compiti di ausilio all&#8217;ente gestore e alla commissione di riserva;<br \/>un collegio dei revisori con funzioni di vigilanza contabile e amministrativa.<br \/>In entrambi i due succitati organismi dovr\u00e0 essere assicurata adeguata rappresentanza ai Ministeri dell&#8217;ambiente e della marina mercantile ed alla regione Puglia.<br \/>Il presente decreto sar\u00e0 inviato alla Corte dei conti per la registrazione.<br \/>Il presente decreto sar\u00e0 pubblicato nella <em>Gazzetta Ufficiale<\/em> della Repubblica Italiana.<\/p>\n<p>Roma, add\u00ec 14 luglio 1989<\/p>\n<p>&nbsp;<\/p>\n<div align=\"center\">\n<table border=\"0\" width=\"512\" cellpadding=\"0\">\n<tbody>\n<tr>\n<td valign=\"top\" width=\"187\">\n<p align=\"center\">Il Ministro dell&#8217;Ambiente<br \/>Ruffolo<\/p>\n<\/td>\n<td width=\"358\">\n<p align=\"center\">Il Ministro della Marina Mercantile<br \/>Prandini<\/p>\n<\/td>\n<\/tr>\n<\/tbody>\n<\/table>\n<\/div>\n<p>&nbsp;<\/p>\n<p>Registrato alla Corte dei conti, add\u00ec 17 novembre 1989<br \/>Registro n. 2 Ambiente, foglio n. 179<\/p>\n<\/td>\n<\/tr>\n<\/tbody>\n<\/table>\n<\/div>\n","protected":false},"excerpt":{"rendered":"<p>La riserva naturale marina denominata \u201cIsole Tremiti\u201d \u00e8 stata istituita con decreto interministeriale in data 14.07.1989 ed \u00e8 stata suddivisa in TRE ZONE. ZONA \u201cA\u201d di riserva integrale &nbsp; In tale zona sono vietate: a)&nbsp;l\u2019asportazione anche parziale e il danneggiamento delle formazioni geologiche&nbsp;&nbsp; e minerali; b)&nbsp;&nbsp;la pesca, sia professionale che sportiva con qualunque mezzo&nbsp; esercitata; [&hellip;]<\/p>\n","protected":false},"author":1,"featured_media":250,"parent":0,"menu_order":0,"comment_status":"open","ping_status":"closed","template":"","meta":{"footnotes":""},"class_list":["post-249","page","type-page","status-publish","has-post-thumbnail","hentry"],"aioseo_notices":[],"_links":{"self":[{"href":"https:\/\/www.leisoletremiti.it\/index.php\/wp-json\/wp\/v2\/pages\/249","targetHints":{"allow":["GET"]}}],"collection":[{"href":"https:\/\/www.leisoletremiti.it\/index.php\/wp-json\/wp\/v2\/pages"}],"about":[{"href":"https:\/\/www.leisoletremiti.it\/index.php\/wp-json\/wp\/v2\/types\/page"}],"author":[{"embeddable":true,"href":"https:\/\/www.leisoletremiti.it\/index.php\/wp-json\/wp\/v2\/users\/1"}],"replies":[{"embeddable":true,"href":"https:\/\/www.leisoletremiti.it\/index.php\/wp-json\/wp\/v2\/comments?post=249"}],"version-history":[{"count":0,"href":"https:\/\/www.leisoletremiti.it\/index.php\/wp-json\/wp\/v2\/pages\/249\/revisions"}],"wp:featuredmedia":[{"embeddable":true,"href":"https:\/\/www.leisoletremiti.it\/index.php\/wp-json\/wp\/v2\/media\/250"}],"wp:attachment":[{"href":"https:\/\/www.leisoletremiti.it\/index.php\/wp-json\/wp\/v2\/media?parent=249"}],"curies":[{"name":"wp","href":"https:\/\/api.w.org\/{rel}","templated":true}]}}